{"id":2714,"date":"2020-08-25T16:52:27","date_gmt":"2020-08-25T16:52:27","guid":{"rendered":"https:\/\/www.devsnews.com\/wp\/bildpress\/?page_id=2"},"modified":"2024-10-28T15:46:44","modified_gmt":"2024-10-28T18:46:44","slug":"termosdeuso","status":"publish","type":"page","link":"https:\/\/slotintl.com.br\/es\/termosdeuso\/","title":{"rendered":"Condiciones de Uso"},"content":{"rendered":"<div data-elementor-type=\"wp-page\" data-elementor-id=\"2714\" class=\"elementor elementor-2714\" data-elementor-post-type=\"page\">\n\t\t\t\t<div class=\"elementor-element elementor-element-4a19cfd e-con-full e-flex e-con e-parent\" data-id=\"4a19cfd\" data-element_type=\"container\">\n\t\t\t\t<div class=\"elementor-element elementor-element-cabe0ba elementor-widget__width-inherit elementor-invisible elementor-widget elementor-widget-text-editor\" data-id=\"cabe0ba\" data-element_type=\"widget\" data-settings=\"{&quot;_animation&quot;:&quot;fadeInUp&quot;}\" data-widget_type=\"text-editor.default\">\n\t\t\t\t<div class=\"elementor-widget-container\">\n\t\t\t<style>\/*! elementor - v3.23.0 - 15-07-2024 *\/\n.elementor-widget-text-editor.elementor-drop-cap-view-stacked .elementor-drop-cap{background-color:#69727d;color:#fff}.elementor-widget-text-editor.elementor-drop-cap-view-framed .elementor-drop-cap{color:#69727d;border:3px solid;background-color:transparent}.elementor-widget-text-editor:not(.elementor-drop-cap-view-default) .elementor-drop-cap{margin-top:8px}.elementor-widget-text-editor:not(.elementor-drop-cap-view-default) .elementor-drop-cap-letter{width:1em;height:1em}.elementor-widget-text-editor .elementor-drop-cap{float:left;text-align:center;line-height:1;font-size:50px}.elementor-widget-text-editor .elementor-drop-cap-letter{display:inline-block}<\/style>\t\t\t\t<div>SLOT INTERNATIONAL<\/div>\t\t\t\t\t\t<\/div>\n\t\t\t\t<\/div>\n\t\t\t\t<div class=\"elementor-element elementor-element-ed882ad elementor-widget__width-inherit elementor-invisible elementor-widget elementor-widget-heading\" data-id=\"ed882ad\" data-element_type=\"widget\" data-settings=\"{&quot;_animation&quot;:&quot;fadeInUp&quot;,&quot;_animation_delay&quot;:200}\" data-widget_type=\"heading.default\">\n\t\t\t\t<div class=\"elementor-widget-container\">\n\t\t\t<style>\/*! elementor - v3.23.0 - 15-07-2024 *\/\n.elementor-heading-title{padding:0;margin:0;line-height:1}.elementor-widget-heading .elementor-heading-title[class*=elementor-size-]>a{color:inherit;font-size:inherit;line-height:inherit}.elementor-widget-heading .elementor-heading-title.elementor-size-small{font-size:15px}.elementor-widget-heading .elementor-heading-title.elementor-size-medium{font-size:19px}.elementor-widget-heading .elementor-heading-title.elementor-size-large{font-size:29px}.elementor-widget-heading .elementor-heading-title.elementor-size-xl{font-size:39px}.elementor-widget-heading .elementor-heading-title.elementor-size-xxl{font-size:59px}<\/style><h2 class=\"elementor-heading-title elementor-size-default\">Condiciones de Uso<\/h2>\t\t<\/div>\n\t\t\t\t<\/div>\n\t\t<div class=\"elementor-element elementor-element-95404b6 e-con-full e-flex e-con e-child\" data-id=\"95404b6\" data-element_type=\"container\">\n\t\t<div class=\"elementor-element elementor-element-71387c1 e-con-full e-flex e-con e-child\" data-id=\"71387c1\" data-element_type=\"container\">\n\t\t\t\t<div class=\"elementor-element elementor-element-4a6d475 elementor-invisible elementor-widget elementor-widget-text-editor\" data-id=\"4a6d475\" data-element_type=\"widget\" data-settings=\"{&quot;_animation&quot;:&quot;fadeInUp&quot;,&quot;_animation_delay&quot;:400}\" data-widget_type=\"text-editor.default\">\n\t\t\t\t<div class=\"elementor-widget-container\">\n\t\t\t\t\t\t\t<div>Cuando contrata un servicio de SLOT INTERNATIONAL LTDA., nos facilita algunos datos de car\u00e1cter personal para hacer posible su funcionamiento. Valoramos la seguridad de sus datos, el respeto a su privacidad y la transparencia con usted, por lo que hemos dedicado este documento para explicarle c\u00f3mo ser\u00e1n tratados sus datos personales y qu\u00e9 medidas aplicamos para mantenerlos seguros. De acuerdo con la definici\u00f3n prevista en la Ley General de Protecci\u00f3n de Datos \u00abLGPD\u00bb (Ley Federal No. 13.709.2018), la mayor parte del tiempo seremos el responsable del tratamiento de su informaci\u00f3n, por lo que somos responsables de definir qu\u00e9 sucede con estos datos y de protegerlos.\u00a0<\/div><div>Para facilitar a compreens\u00e3o desta pol\u00edtica, todas as vezes que encontrar os termos \u201cn\u00f3s\u201d ou \u201cnossos\u201d, estamos nos referindo ao controlador dos seus dados pessoais, ou seja, Slot, e todas as vezes que ler \u201cusu\u00e1rio\u201d, \u201cvoc\u00ea\u201d, \u201cseu\u201d ou \u201csua\u201d, nos referimos a voc\u00ea, nosso cliente ou usu\u00e1rio das nossas plataformas.<\/div><div>\u200b<\/div><div>\u00a0<\/div><div><strong>QU\u00c9 DATOS SE RECOGEN\u00a0<\/strong><\/div><div>Durante su experiencia podemos recopilar diferentes tipos de datos personales, ya sea autom\u00e1ticamente con fines de comprobaci\u00f3n, seguimiento y control, o proporcionados directamente por usted, por ejemplo para completar su registro. Vea a continuaci\u00f3n qu\u00e9 datos personales podemos recopilar y en cada situaci\u00f3n:<\/div><div>\u00a0<\/div><div>Durante el registro:<\/div><div>Nombre y apellidos;<\/div><div>Fotograf\u00eda;<\/div><div>N\u00famero CPF;<\/div><div>Direcci\u00f3n de correo electr\u00f3nico;<\/div><div>N\u00famero de tel\u00e9fono m\u00f3vil;<\/div><div>Fecha de nacimiento;<\/div><div>Datos de direcci\u00f3n.<\/div><div>Direcci\u00f3n IP;<\/div><div>Informaci\u00f3n sobre el dispositivo utilizado para la navegaci\u00f3n;<\/div><div>Productos y categor\u00edas buscados o vistos;<\/div><div>Recuento de visitas;<\/div><div>P\u00e1ginas visitadas en otros sitios.<\/div><div>\u00a0<\/div><div>A continuaci\u00f3n se indican algunos datos a los que s\u00f3lo accederemos si usted nos autoriza a hacerlo. Puede revocar esta autorizaci\u00f3n en cualquier momento.<\/div><div>\u00a0<\/div><div>Al utilizar determinadas funciones de nuestro sitio.<\/div><div>Geolocalizaci\u00f3n;<\/div><div>Acceso a su lista de contactos;<\/div><div>Acceso a la c\u00e1mara.<\/div><div>\u00a0<\/div><div>Otra informaci\u00f3n que puede recopilarse:<\/div><div>Informaci\u00f3n de inicio de sesi\u00f3n social, si se registra a trav\u00e9s de una cuenta de una red social, como Facebook o Google, y autoriza esta recopilaci\u00f3n;<\/div><div>Informaci\u00f3n sobre usted que usted haya hecho p\u00fablica o que est\u00e9 a disposici\u00f3n del p\u00fablico;<\/div><div>Informaci\u00f3n que recopilamos de terceros como, por ejemplo, complementos a sus datos de registro (nombre, afiliaci\u00f3n, fecha de nacimiento, CPF, n\u00famero de tel\u00e9fono, direcci\u00f3n, entre otros), puntuaciones generadas por agencias de cr\u00e9dito, si est\u00e1 usted en alguna lista de Personas Expuestas Pol\u00edticamente (PEP) o en alguna lista de alerta (como OFAC, UNSC y otras listas internacionales), entre otros.<\/div><div>\u00a0<\/div><div>Informaci\u00f3n que recibimos de socios para la entrega de productos adquiridos en plataformas de socios, como el canje de productos en programas de fidelizaci\u00f3n o cualquier otra plataforma en la que ofrezcamos nuestro cat\u00e1logo de productos y servicios.<\/div><div>Informa\u00e7\u00f5es fornecidas por voc\u00ea, voluntariamente, como por meio de comunica\u00e7\u00f5es com Slot em redes sociais ou em coment\u00e1rios e avalia\u00e7\u00f5es de produtos.<\/div><div>Copias de documentos enviados por usted, como prueba de residencia, datos bancarios o copia de un documento de identidad, generalmente utilizados para probar su registro o validar su identidad.<\/div><div>\u00a0<\/div><div><strong>C\u00d3MO UTILIZAMOS SUS DATOS PERSONALES<\/strong><\/div><div>Utilizamos los datos personales para garantizar un servicio de calidad y una mejor experiencia. A continuaci\u00f3n enumeramos los fines para los que podemos utilizar sus datos personales:<\/div><div>\u00a0<\/div><div>Datos de registro:<\/div><div>Para permitir la prestaci\u00f3n de los distintos servicios disponibles en nuestra web<\/div><div>Atender solicitudes y consultas en nuestro Call Center.<\/div><div>Para identificar correctamente al Usuario.<\/div><div>Para enviarle los productos que ha adquirido o comunicaciones sobre ofertas.<\/div><div>Para ponernos en contacto con usted cuando sea necesario. Este contacto puede abarcar una variedad de temas, como la comunicaci\u00f3n sobre promociones y ofertas, la respuesta a preguntas, la respuesta a quejas y solicitudes, las actualizaciones sobre pedidos realizados y la informaci\u00f3n sobre entregas.<\/div><div>Para ayudar a diagnosticar y resolver problemas t\u00e9cnicos.<\/div><div>Para desarrollar nuevas funcionalidades y mejoras, mejorando su experiencia con nuestros servicios disponibles.<\/div><div>Para consultar su informaci\u00f3n en bases de datos de agencias de cr\u00e9dito.<\/div><div>Para llevar a cabo investigaciones y medidas de prevenci\u00f3n y lucha contra actividades il\u00edcitas, fraudes, delitos financieros y delitos de blanqueo de capitales y\/o financiaci\u00f3n del terrorismo.<\/div><div>Para garantizar el cumplimiento de una obligaci\u00f3n legal o reglamentaria o para garantizar el ejercicio regular de los derechos. En tales casos, podremos incluso utilizar y presentar la informaci\u00f3n en procedimientos judiciales y administrativos, si fuera necesario.<\/div><div>Para colaborar con el cumplimiento de una orden judicial, autoridad competente u organismo supervisor.<\/div><div>\u200b<\/div><div>Geolocalizaci\u00f3n:<\/div><div>Para identificar las tiendas f\u00edsicas m\u00e1s cercanas a usted.<\/div><div>Para mostrar anuncios personalizados.<\/div><div>Para enviar mensajes push contextualizados (1).<\/div><div>Para ayudar en an\u00e1lisis que puedan utilizarse para proteger su cuenta y aumentar el nivel de seguridad de sus datos de registro, o para prevenir posibles fraudes.<\/div><div>\u200b<\/div><div>Lista de contactos y c\u00e1mara:<\/div><div>Para que las funcionalidades y caracter\u00edsticas del sitio est\u00e9n disponibles.<\/div><div>\u00a0<\/div><div>Datos de navegaci\u00f3n:<\/div><div>Para ayudar a diagnosticar y resolver problemas t\u00e9cnicos.<\/div><div>Para desarrollar nuevas funcionalidades y mejoras, mejorando su experiencia con nuestros servicios disponibles.<\/div><div>\u00a0<\/div><div><strong>CON QUI\u00c9N PODEMOS COMPARTIR DATOS PERSONALES<\/strong>\u00a0<\/div><div>Para llevar a cabo las actividades enumeradas anteriormente, siempre que sea necesario, podemos compartir sus datos personales con otras empresas de nuestro grupo, con proveedores de servicios, socios o con organismos reguladores. Nunca comercializamos datos personales. A continuaci\u00f3n resumimos estas posibilidades:<\/div><div>\u00a0<\/div><div>Proveedores de servicios: Para que podamos poner a su disposici\u00f3n nuestros productos y prestar nuestros servicios con calidad, contamos con la colaboraci\u00f3n de diversos proveedores de servicios, que tratan los datos personales recogidos en nuestro nombre y siguiendo nuestras instrucciones. Estos proveedores de servicios trabajan principalmente para ayudarnos con an\u00e1lisis antifraude, intermediaci\u00f3n de pagos, gesti\u00f3n de campa\u00f1as de marketing, enriquecimiento de bases de datos y almacenamiento en la nube.<\/div><div>\u00a0<\/div><div>Autoridades judiciales, policiales o gubernamentales: debemos facilitar datos personales de Clientes y\/o Usuarios en cumplimiento de una orden judicial, solicitud de autoridades administrativas, obligaci\u00f3n legal o reglamentaria, as\u00ed como para actuar de forma colaborativa con las autoridades gubernamentales, generalmente en investigaciones relacionadas con actos il\u00edcitos.<\/div><div>\u00a0<\/div><div>Compradores potenciales: podemos compartir sus datos personales con otras empresas a las que se concluya una venta o transferencia de parte o la totalidad de la actividad comercial, negocio u operaci\u00f3n. Si no se consuma la venta o transferencia, pediremos al posible comprador que no utilice ni divulgue sus datos personales de ninguna manera o forma y que los elimine por completo.<\/div><div>\u00a0<\/div><div><strong>ALMACENAMIENTO Y SEGURIDAD DE LOS DATOS PERSONALES<\/strong>\u00a0<\/div><div>Almacenamos sus datos de forma segura en centros de datos ubicados en Brasil y en el extranjero. En el caso de almacenamiento en el extranjero, se adoptan todas las medidas legales aplicables, en cumplimiento de la Ley General de Protecci\u00f3n de Datos y sus futuros reglamentos, garantizando la protecci\u00f3n y privacidad de sus datos personales.\u00a0<\/div><div>Hemos adoptado las mejores t\u00e9cnicas para proteger los datos personales recogidos del acceso no autorizado, destrucci\u00f3n, p\u00e9rdida, alteraci\u00f3n, comunicaci\u00f3n o cualquier forma de tratamiento inadecuado o il\u00edcito, incluyendo mecanismos de encriptaci\u00f3n. No obstante, insistimos en que ninguna plataforma es completamente segura. Si tiene alguna duda o sospecha que sus datos est\u00e1n en peligro, p\u00f3ngase en contacto con nosotros a trav\u00e9s de nuestros canales de servicio y estaremos encantados de atenderle con prontitud.\u00a0<\/div><div>Sus datos personales se conservar\u00e1n mientras usted sea un cliente activo. Transcurrido este periodo, podremos conservar sus datos personales durante un periodo adicional con fines de auditor\u00eda, para permitir el cumplimiento de obligaciones legales o reglamentarias. Conservaremos sus datos durante el tiempo que sea necesario, respetando los plazos establecidos en la legislaci\u00f3n aplicable.<\/div><div>\u00a0<\/div><div><strong>COOKIES Y TECNOLOG\u00cdAS DE SEGUIMIENTO<\/strong>\u00a0<\/div><div>Podemos utilizar determinadas tecnolog\u00edas de seguimiento para recopilar informaci\u00f3n sobre las actividades realizadas en nuestras plataformas de forma automatizada. La informaci\u00f3n recogida a trav\u00e9s de dichas tecnolog\u00edas se utiliza para realizar m\u00e9tricas de rendimiento de las aplicaciones, identificar problemas de uso, captar el comportamiento de los Usuarios en general y recopilar datos de impresi\u00f3n de contenidos.<\/div><div>\u200b<\/div><div>A continuaci\u00f3n se indican algunas de las tecnolog\u00edas que pueden estar presentes:<\/div><div>Cookies: una cookie es un peque\u00f1o archivo que se a\u00f1ade al dispositivo del Usuario para proporcionarle una experiencia personalizada al acceder a la plataforma. Las cookies ayudan a analizar el tr\u00e1fico de Internet y nos permiten saber cu\u00e1ndo el Usuario ha visitado un sitio espec\u00edfico. Una cookie no da acceso a un ordenador ni revela informaci\u00f3n distinta de los datos que el Usuario decide compartir con nosotros.<\/div><div>\u00a0<\/div><div>P\u00edxeles: los p\u00edxeles son piezas de c\u00f3digo JavaScript instaladas que se a\u00f1aden a nuestras aplicaciones, sitios web o en el cuerpo de un correo electr\u00f3nico, con el fin de rastrear y recopilar informaci\u00f3n sobre las actividades de los usuarios, lo que nos permite identificar sus patrones de acceso, navegaci\u00f3n, inter\u00e9s y compras de productos, y optimizar la orientaci\u00f3n del contenido.<\/div><div>Web beacon: un web beacon es una t\u00e9cnica que permite mapear qui\u00e9n visita una determinada p\u00e1gina web, identificando el comportamiento del usuario con diferentes sitios o servidores web.<\/div><div>\u200b<\/div><div>Herramientas de an\u00e1lisis: estas herramientas pueden recopilar informaci\u00f3n sobre c\u00f3mo los Usuarios visitan una de nuestras p\u00e1ginas, qu\u00e9 sesiones visitan y cu\u00e1ndo visitan dichas p\u00e1ginas, otros sitios que han visitado anteriormente, entre otros.<\/div><div>\u00a0<\/div><div><strong>TRANSFERENCIA INTERNACIONAL DE DATOS PERSONALES<\/strong>\u00a0<\/div><div>Algunos de sus datos personales pueden ser transferidos a otros pa\u00edses, por ejemplo, cuando utilizamos servicios de computaci\u00f3n en nube para el procesamiento o almacenamiento de datos, ubicados fuera de Brasil.\u00a0<\/div><div>\u00a0<\/div><div><strong>SUS DERECHOS COMO TITULAR DE DATOS PERSONALES<\/strong>\u00a0<\/div><div>La transparencia sobre el tratamiento de sus datos personales es una prioridad. Adem\u00e1s de la informaci\u00f3n facilitada en esta Pol\u00edtica de Privacidad, tambi\u00e9n puede ejercer los derechos previstos en la Ley General de Protecci\u00f3n de Datos, entre los que se incluyen:<\/div><div>\u200b<\/div><div>Confirmaci\u00f3n de la existencia de tratamiento de datos personales.<\/div><div>Acceso a los datos personales.<\/div><div>Revocaci\u00f3n del consentimiento.<\/div><div>Rectificaci\u00f3n de datos personales incompletos, inexactos u obsoletos.<\/div><div>Supresi\u00f3n de datos personales tratados con consentimiento o que sean innecesarios, excesivos o cuando considere que no se ha cumplido alg\u00fan punto de la LGPD.<\/div><div>Informaci\u00f3n sobre las hip\u00f3tesis y con qu\u00e9 empresas, socios y otras instituciones podemos compartir o recibir datos personales relativos a usted.<\/div><div>Informaci\u00f3n sobre la posibilidad de no prestar el consentimiento y las consecuencias de la negativa, en su caso.<\/div><div>Todas las solicitudes se tramitar\u00e1n de forma gratuita, y estar\u00e1n sujetas a una evaluaci\u00f3n previa de su identidad y de la viabilidad de su cumplimiento, con el fin de cumplir las obligaciones que impidan el cumplimiento \u00edntegro de las solicitudes de los titulares de los derechos.<\/div><div>\u00a0<\/div><div><strong>CONSERVACI\u00d3N Y SUPRESI\u00d3N DE SUS DATOS PERSONALES<\/strong>\u00a0<\/div><div>Trataremos sus datos personales con altos niveles de protecci\u00f3n y garantizaremos su privacidad mientras usted sea nuestro cliente, navegue por nuestras plataformas y utilice nuestros servicios, o un cliente potencial con el que compartimos nuestras ofertas de productos y servicios.<\/div><div>En su caso, e incluso si decide eliminar sus datos personales de nuestra base de datos de registro, el sitio podr\u00e1 conservar algunos o todos sus datos personales durante per\u00edodos adicionales para cumplir con obligaciones legales o reglamentarias, para el ejercicio regular de derechos, posibles acciones legales, fines de auditor\u00eda de diversa \u00edndole, u otros per\u00edodos definidos y fundamentados en bases legales que justifiquen la conservaci\u00f3n de estos datos.<\/div><div>\u00a0<\/div><div><strong>CAMBIOS EN ESTA POL\u00cdTICA DE PRIVACIDAD<\/strong><\/div><div>Buscamos constantemente mejorar la experiencia de nuestros clientes. Por ello, nuestras pr\u00e1cticas de tratamiento de datos personales pueden cambiar con la incorporaci\u00f3n de nuevas funciones y servicios.<\/div><div>Valoramos la transparencia en la forma en que tratamos sus datos personales. Siempre que se modifique cualquier condici\u00f3n relevante de la presente Pol\u00edtica de Privacidad, estos cambios ser\u00e1n v\u00e1lidos, efectivos y vinculantes una vez publicada la nueva versi\u00f3n en nuestro sitio web. Estos cambios se comunicar\u00e1n a trav\u00e9s de uno de los canales que nos haya facilitado durante su registro (correo electr\u00f3nico, SMS, WhatsApp y otros).<\/div><div>\u00a0<\/div><div><strong>CONT\u00c1CTENOS<\/strong><\/div><div>Siempre que tenga alguna pregunta sobre esta Pol\u00edtica de Privacidad, incluso despu\u00e9s de leerla, o necesite interactuar con nosotros en asuntos relacionados con sus datos personales, puede hacerlo<\/div><div>\u200b<\/div><div>A trav\u00e9s de nuestros canales de atenci\u00f3n disponibles a trav\u00e9s de la direcci\u00f3n de correo electr\u00f3nico del Responsable del Tratamiento: <a href=\"mailto:financeiro@slotintl.com.br\" target=\"_blank\" rel=\"noopener\">financeiro@slotintl.com.br<\/a><\/div><div>\u200b<\/div><div>Actualizaci\u00f3n: 30 de julio de 2024.<\/div><div>\u200b\u200b<\/div><div>Slot International Ltda.<\/div>\t\t\t\t\t\t<\/div>\n\t\t\t\t<\/div>\n\t\t\t\t<\/div>\n\t\t\t\t<\/div>\n\t\t\t\t<\/div>\n\t\t\t\t<\/div>","protected":false},"excerpt":{"rendered":"<p>SLOT INTERNATIONAL Termos de Uso Quando voc\u00ea contrata um servi\u00e7o SLOT INTERNATIONAL LTDA., voc\u00ea nos fornece alguns dados pessoais com o objetivo de viabilizar a sua opera\u00e7\u00e3o. Prezamos pela seguran\u00e7a dos seus dados, pelo respeito a sua privacidade e pela transpar\u00eancia com voc\u00ea e, por isso, dedicamos este documento para explicar como os seus dados [&hellip;]<\/p>","protected":false},"author":1,"featured_media":0,"parent":0,"menu_order":0,"comment_status":"closed","ping_status":"closed","template":"elementor_header_footer","meta":{"footnotes":""},"class_list":["post-2714","page","type-page","status-publish","hentry"],"_links":{"self":[{"href":"https:\/\/slotintl.com.br\/es\/wp-json\/wp\/v2\/pages\/2714","targetHints":{"allow":["GET"]}}],"collection":[{"href":"https:\/\/slotintl.com.br\/es\/wp-json\/wp\/v2\/pages"}],"about":[{"href":"https:\/\/slotintl.com.br\/es\/wp-json\/wp\/v2\/types\/page"}],"author":[{"embeddable":true,"href":"https:\/\/slotintl.com.br\/es\/wp-json\/wp\/v2\/users\/1"}],"replies":[{"embeddable":true,"href":"https:\/\/slotintl.com.br\/es\/wp-json\/wp\/v2\/comments?post=2714"}],"version-history":[{"count":13,"href":"https:\/\/slotintl.com.br\/es\/wp-json\/wp\/v2\/pages\/2714\/revisions"}],"predecessor-version":[{"id":4807,"href":"https:\/\/slotintl.com.br\/es\/wp-json\/wp\/v2\/pages\/2714\/revisions\/4807"}],"wp:attachment":[{"href":"https:\/\/slotintl.com.br\/es\/wp-json\/wp\/v2\/media?parent=2714"}],"curies":[{"name":"wp","href":"https:\/\/api.w.org\/{rel}","templated":true}]}}